{"id":383,"date":"2021-01-22T08:31:51","date_gmt":"2021-01-22T08:31:51","guid":{"rendered":"http:\/\/axilthemes.com\/themes\/blogar\/?page_id=383"},"modified":"2024-01-13T12:45:47","modified_gmt":"2024-01-13T12:45:47","slug":"contact","status":"publish","type":"page","link":"https:\/\/rachelsumbu.com\/en\/contact","title":{"rendered":"Contact"},"content":{"rendered":"<div data-elementor-type=\"wp-page\" data-elementor-id=\"383\" class=\"elementor elementor-383\" data-elementor-post-type=\"page\">\n\t\t\t\t\t\t<section data-particle_enable=\"false\" data-particle-mobile-disabled=\"false\" class=\"elementor-section elementor-top-section elementor-element elementor-element-6cc26c1 axil-post-list-area axil-section-gap bg-color-white elementor-section-boxed elementor-section-height-default elementor-section-height-default\" data-id=\"6cc26c1\" data-element_type=\"section\" data-e-type=\"section\">\n\t\t\t\t\t\t<div class=\"elementor-container elementor-column-gap-extended\">\n\t\t\t\t\t<div class=\"elementor-column elementor-col-66 elementor-top-column elementor-element elementor-element-a4844c9\" data-id=\"a4844c9\" data-element_type=\"column\" data-e-type=\"column\">\n\t\t\t<div class=\"elementor-widget-wrap elementor-element-populated\">\n\t\t\t\t\t\t<div class=\"elementor-element elementor-element-b291e28 pp-icon-list-traditional elementor-list-item-link-inline pp-icon-left elementor-widget elementor-widget-pp-icon-list\" data-id=\"b291e28\" data-element_type=\"widget\" data-e-type=\"widget\" data-widget_type=\"pp-icon-list.default\">\n\t\t\t\t<div class=\"elementor-widget-container\">\n\t\t\t\t\t\t\t<div class=\"pp-list-container\">\n\t\t\t<ul class=\"pp-list-items\">\n\t\t\t\t\t\t\t\t\t\t\t\t\t\t\t\t\t\t\t\t\t<li class=\"pp-icon-list-item elementor-repeater-item-2560dee\">\n\t\t\t\t\t\t\t\t\t\t\t\t\t\t\t<a href=\"mailto:hello@above-agency.fr\" target=\"_blank\">\n\t\t\t\t\t\t\t\t\t\t\t<span class=\"pp-icon-wrapper\">\n\t\t\t\t\t\t\t\t\t\t<span class=\"pp-icon-list-icon pp-icon\">\n\t\t\t\t\t\t<svg aria-hidden=\"true\" class=\"e-font-icon-svg e-far-envelope\" viewbox=\"0 0 512 512\" xmlns=\"http:\/\/www.w3.org\/2000\/svg\"><path d=\"M464 64H48C21.49 64 0 85.49 0 112v288c0 26.51 21.49 48 48 48h416c26.51 0 48-21.49 48-48V112c0-26.51-21.49-48-48-48zm0 48v40.805c-22.422 18.259-58.168 46.651-134.587 106.49-16.841 13.247-50.201 45.072-73.413 44.701-23.208.375-56.579-31.459-73.413-44.701C106.18 199.465 70.425 171.067 48 152.805V112h416zM48 400V214.398c22.914 18.251 55.409 43.862 104.938 82.646 21.857 17.205 60.134 55.186 103.062 54.955 42.717.231 80.509-37.199 103.053-54.947 49.528-38.783 82.032-64.401 104.947-82.653V400H48z\"><\/path><\/svg><\/span>\t\t\t<\/span>\n\t\t\t\t\t\t\t\t\t\t<span class=\"pp-icon-list-text\">\n\t\t\t\t\t\t\t\thello@above-agency.fr\t\t\t\t\t\t\t<\/span>\n\t\t\t\t\t\t\t\t\t\t\t\t\t\t\t<\/a>\n\t\t\t\t\t\t\t\t\t\t\t\t\t\t<\/li>\n\t\t\t\t\t\t\t\t\t\t\t\t\t\t\t\t\t\t\t\t\t\t\t\t\t\t\t<li class=\"pp-icon-list-item elementor-repeater-item-af58f70\">\n\t\t\t\t\t\t\t\t\t\t\t\t\t\t\t<a href=\"https:\/\/www.linkedin.com\/in\/rachel-sumbu\" target=\"_blank\">\n\t\t\t\t\t\t\t\t\t\t\t<span class=\"pp-icon-wrapper\">\n\t\t\t\t\t\t\t\t\t\t<span class=\"pp-icon-list-icon pp-icon\">\n\t\t\t\t\t\t<svg aria-hidden=\"true\" class=\"e-font-icon-svg e-fab-linkedin-in\" viewbox=\"0 0 448 512\" xmlns=\"http:\/\/www.w3.org\/2000\/svg\"><path d=\"M100.28 448H7.4V148.9h92.88zM53.79 108.1C24.09 108.1 0 83.5 0 53.8a53.79 53.79 0 0 1 107.58 0c0 29.7-24.1 54.3-53.79 54.3zM447.9 448h-92.68V302.4c0-34.7-.7-79.2-48.29-79.2-48.29 0-55.69 37.7-55.69 76.7V448h-92.78V148.9h89.08v40.8h1.3c12.4-23.5 42.69-48.3 87.88-48.3 94 0 111.28 61.9 111.28 142.3V448z\"><\/path><\/svg><\/span>\t\t\t<\/span>\n\t\t\t\t\t\t\t\t\t\t<span class=\"pp-icon-list-text\">\n\t\t\t\t\t\t\t\tRachel Sumbu\t\t\t\t\t\t\t<\/span>\n\t\t\t\t\t\t\t\t\t\t\t\t\t\t\t<\/a>\n\t\t\t\t\t\t\t\t\t\t\t\t\t\t<\/li>\n\t\t\t\t\t\t\t\t\t\t\t\t\t\t\t\t\t\t\t\t\t\t\t\t\t\t\t<li class=\"pp-icon-list-item elementor-repeater-item-f327776\">\n\t\t\t\t\t\t\t\t\t\t\t\t\t\t\t<a href=\"https:\/\/www.instagram.com\/rachel.sumbu\/\" target=\"_blank\">\n\t\t\t\t\t\t\t\t\t\t\t<span class=\"pp-icon-wrapper\">\n\t\t\t\t\t\t\t\t\t\t<span class=\"pp-icon-list-icon pp-icon\">\n\t\t\t\t\t\t<svg aria-hidden=\"true\" class=\"e-font-icon-svg e-fab-instagram\" viewbox=\"0 0 448 512\" xmlns=\"http:\/\/www.w3.org\/2000\/svg\"><path d=\"M224.1 141c-63.6 0-114.9 51.3-114.9 114.9s51.3 114.9 114.9 114.9S339 319.5 339 255.9 287.7 141 224.1 141zm0 189.6c-41.1 0-74.7-33.5-74.7-74.7s33.5-74.7 74.7-74.7 74.7 33.5 74.7 74.7-33.6 74.7-74.7 74.7zm146.4-194.3c0 14.9-12 26.8-26.8 26.8-14.9 0-26.8-12-26.8-26.8s12-26.8 26.8-26.8 26.8 12 26.8 26.8zm76.1 27.2c-1.7-35.9-9.9-67.7-36.2-93.9-26.2-26.2-58-34.4-93.9-36.2-37-2.1-147.9-2.1-184.9 0-35.8 1.7-67.6 9.9-93.9 36.1s-34.4 58-36.2 93.9c-2.1 37-2.1 147.9 0 184.9 1.7 35.9 9.9 67.7 36.2 93.9s58 34.4 93.9 36.2c37 2.1 147.9 2.1 184.9 0 35.9-1.7 67.7-9.9 93.9-36.2 26.2-26.2 34.4-58 36.2-93.9 2.1-37 2.1-147.8 0-184.8zM398.8 388c-7.8 19.6-22.9 34.7-42.6 42.6-29.5 11.7-99.5 9-132.1 9s-102.7 2.6-132.1-9c-19.6-7.8-34.7-22.9-42.6-42.6-11.7-29.5-9-99.5-9-132.1s-2.6-102.7 9-132.1c7.8-19.6 22.9-34.7 42.6-42.6 29.5-11.7 99.5-9 132.1-9s102.7-2.6 132.1 9c19.6 7.8 34.7 22.9 42.6 42.6 11.7 29.5 9 99.5 9 132.1s2.7 102.7-9 132.1z\"><\/path><\/svg><\/span>\t\t\t<\/span>\n\t\t\t\t\t\t\t\t\t\t<span class=\"pp-icon-list-text\">\n\t\t\t\t\t\t\t\t@rachel.sumbu\t\t\t\t\t\t\t<\/span>\n\t\t\t\t\t\t\t\t\t\t\t\t\t\t\t<\/a>\n\t\t\t\t\t\t\t\t\t\t\t\t\t\t<\/li>\n\t\t\t\t\t\t\t\t\t\t\t\t\t<\/ul>\n\t\t<\/div>\n\t\t\t\t\t\t<\/div>\n\t\t\t\t<\/div>\n\t\t<div data-particle_enable=\"false\" data-particle-mobile-disabled=\"false\" class=\"elementor-element elementor-element-a0cccc6 e-flex e-con-boxed e-con e-parent\" data-id=\"a0cccc6\" data-element_type=\"container\" data-e-type=\"container\" data-settings=\"{&quot;background_background&quot;:&quot;classic&quot;}\">\n\t\t\t\t\t<div class=\"e-con-inner\">\n\t\t\t\t<div class=\"elementor-element elementor-element-bdc1340 axil-section-gapTop elementor-widget elementor-widget-text-editor\" data-id=\"bdc1340\" data-element_type=\"widget\" data-e-type=\"widget\" data-widget_type=\"text-editor.default\">\n\t\t\t\t<div class=\"elementor-widget-container\">\n\t\t\t\t\t\t\t\t\t<h4 class=\"title mb--10\">Write to me<\/h4>\n<p class=\"b3 mb--30\">All fields are mandatory.<\/p>\t\t\t\t\t\t\t\t<\/div>\n\t\t\t\t<\/div>\n\t\t\t\t<div class=\"elementor-element elementor-element-f781db8 elementor-widget elementor-widget-blogar-contact-form\" data-id=\"f781db8\" data-element_type=\"widget\" data-e-type=\"widget\" data-widget_type=\"blogar-contact-form.default\">\n\t\t\t\t<div class=\"elementor-widget-container\">\n\t\t\t\t\t        <div class=\"axil-contact-form-area\">\n            <!-- Start Contact Form -->\n             <div class=\"axil-contact-form contact-form--1\"> \n<div class=\"wpcf7 no-js\" id=\"wpcf7-f409-o1\" lang=\"en-US\" dir=\"ltr\" data-wpcf7-id=\"409\">\n<div class=\"screen-reader-response\"><p role=\"status\" aria-live=\"polite\" aria-atomic=\"true\"><\/p> <ul><\/ul><\/div>\n<form action=\"\/en\/wp-json\/wp\/v2\/pages\/383#wpcf7-f409-o1\" method=\"post\" class=\"wpcf7-form init\" aria-label=\"Contact form\" novalidate=\"novalidate\" data-status=\"init\" data-trp-original-action=\"\/en\/wp-json\/wp\/v2\/pages\/383#wpcf7-f409-o1\">\n<fieldset class=\"hidden-fields-container\"><input type=\"hidden\" name=\"_wpcf7\" value=\"409\" \/><input type=\"hidden\" name=\"_wpcf7_version\" value=\"6.1.5\" \/><input type=\"hidden\" name=\"_wpcf7_locale\" value=\"en_US\" \/><input type=\"hidden\" name=\"_wpcf7_unit_tag\" value=\"wpcf7-f409-o1\" \/><input type=\"hidden\" name=\"_wpcf7_container_post\" value=\"0\" \/><input type=\"hidden\" name=\"_wpcf7_posted_data_hash\" value=\"\" \/><input type=\"hidden\" name=\"_wpcf7_recaptcha_response\" value=\"\" \/>\n<\/fieldset>\n<div class=\"axil-contact-form contact-form--1 row\">\n    <div class=\"col-lg-4 col-md-4 col-12\">\n        <div class=\"form-group\">\n            <label for=\"your-name\">Your name<\/label>\n         <span class=\"wpcf7-form-control-wrap\" data-name=\"your-name\"><input size=\"40\" maxlength=\"400\" class=\"wpcf7-form-control wpcf7-text wpcf7-validates-as-required\" id=\"your-name\" aria-required=\"true\" aria-invalid=\"false\" value=\"\" type=\"text\" name=\"your-name\" \/><\/span>\n        <\/div>\n    <\/div>\n\n    <div class=\"col-lg-4 col-md-4 col-12\">\n        <div class=\"form-group\">\n            <label for=\"phone\">Phone<\/label>\n            <span class=\"wpcf7-form-control-wrap\" data-name=\"phone\"><input size=\"40\" maxlength=\"400\" class=\"wpcf7-form-control wpcf7-tel wpcf7-text wpcf7-validates-as-tel\" id=\"phone\" aria-invalid=\"false\" value=\"\" type=\"tel\" name=\"phone\" \/><\/span>\n        <\/div>\n    <\/div>\n\n    <div class=\"col-lg-4 col-md-4 col-12\">\n        <div class=\"form-group\">\n            <label for=\"your-email\">Your email address<\/label>\n            <span class=\"wpcf7-form-control-wrap\" data-name=\"your-email\"><input size=\"40\" maxlength=\"400\" class=\"wpcf7-form-control wpcf7-email wpcf7-validates-as-required wpcf7-text wpcf7-validates-as-email\" id=\"your-email\" aria-required=\"true\" aria-invalid=\"false\" value=\"\" type=\"email\" name=\"your-email\" \/><\/span>\n        <\/div>\n    <\/div>\n\n    <div class=\"col-12\">\n        <div class=\"form-group\">\n            <label for=\"your-message\">Your message<\/label>\n            <span class=\"wpcf7-form-control-wrap\" data-name=\"your-message\"><textarea cols=\"10\" rows=\"3\" maxlength=\"2000\" class=\"wpcf7-form-control wpcf7-textarea\" id=\"your-message\" aria-invalid=\"false\" name=\"your-message\"><\/textarea><\/span>\n        <\/div>\n    <\/div>\n\n    <div class=\"col-12\">\n        <div class=\"form-submit\">\n <input class=\"wpcf7-form-control wpcf7-submit has-spinner axil-button button-rounded btn-primary\" id=\"submit\" type=\"submit\" value=\"Send\" \/>\n        <\/div>\n    <\/div>\n<\/div><p style=\"display: none !important;\" class=\"akismet-fields-container\" data-prefix=\"_wpcf7_ak_\"><label>&#916;<textarea name=\"_wpcf7_ak_hp_textarea\" cols=\"45\" rows=\"8\" maxlength=\"100\"><\/textarea><\/label><input type=\"hidden\" id=\"ak_js_1\" name=\"_wpcf7_ak_js\" value=\"71\"\/><script>document.getElementById( \"ak_js_1\" ).setAttribute( \"value\", ( new Date() ).getTime() );<\/script><\/p><div class=\"wpcf7-response-output\" aria-hidden=\"true\"><\/div>\n<input type=\"hidden\" name=\"trp-form-language\" value=\"en\"\/><\/form>\n<\/div>\n <\/div>         <\/div>\n\n        \t\t\t\t<\/div>\n\t\t\t\t<\/div>\n\t\t\t\t\t<\/div>\n\t\t\t\t<\/div>\n\t\t\t\t\t<\/div>\n\t\t<\/div>\n\t\t\t\t<div class=\"elementor-column elementor-col-33 elementor-top-column elementor-element elementor-element-a5eb44d\" data-id=\"a5eb44d\" data-element_type=\"column\" data-e-type=\"column\">\n\t\t\t<div class=\"elementor-widget-wrap elementor-element-populated\">\n\t\t\t\t\t\t<div class=\"elementor-element elementor-element-7bdba44 elementor-widget elementor-widget-sidebar\" data-id=\"7bdba44\" data-element_type=\"widget\" data-e-type=\"widget\" data-widget_type=\"sidebar.default\">\n\t\t\t\t<div class=\"elementor-widget-container\">\n\t\t\t\t\t<div class=\"search-2 widget-sidebar widget widget_search widgets-sidebar\"><div class=\"widget-title\"><h3>Search<\/h3><\/div><div class=\"inner\">\n    <form  id=\"search-1\"  action=\"https:\/\/rachelsumbu.com\/en\/\" method=\"GET\" class=\"blog-search\" data-trp-original-action=\"https:\/\/rachelsumbu.com\/en\/\">\n        <div class=\"axil-search form-group\">\n            <button type=\"submit\" class=\"search-button\"><i class=\"fal fa-search\"><\/i><\/button>\n            <input type=\"text\"  name=\"s\"  placeholder=\"Search ...\" value=\"\"\/>\n        <\/div>\n    <input type=\"hidden\" name=\"trp-form-language\" value=\"en\"\/><\/form>\n<\/div><\/div><div class=\"blogar_recent_post-2 widget-sidebar widget widget_blogar_recent_post widgets-sidebar\"><div class=\"widget-title\"><h3>Headlines<\/h3><\/div>                    <div class=\"content-block post-medium mb--20\">\n                                                    <div class=\"post-thumbnail\">\n                                <a href=\"https:\/\/rachelsumbu.com\/en\/interview-of-dr-george-donkor-president-of-ebid-financing-africas-growth-and-regional-integration\"><img decoding=\"async\" width=\"150\" height=\"150\" src=\"https:\/\/rachelsumbu.com\/wp-content\/uploads\/2025\/03\/22-1-150x150.jpg\" class=\"attachment-thumbnail size-thumbnail wp-post-image\" alt=\"\" \/><\/a>\n                            <\/div>\n                                                <div class=\"post-content\">\n                            <h6 class=\"title\"><a href=\"https:\/\/rachelsumbu.com\/en\/interview-of-dr-george-donkor-president-of-ebid-financing-africas-growth-and-regional-integration\">Interview of Dr. George Donkor, President of <\/a><\/h6>\n                                                            <div class=\"post-meta\">\n                                    <ul class=\"post-meta-list\">\n                                                                                    <li>December 20, 2025<\/li>\n                                                                                                                                <li>1 min read<\/li>\n                                                                                                                        <\/ul>\n                                <\/div>\n                                                    <\/div>\n                    <\/div>\n                                    <div class=\"content-block post-medium mb--20\">\n                                                    <div class=\"post-thumbnail\">\n                                <a href=\"https:\/\/rachelsumbu.com\/en\/ia-et-finance-en-afrique-comment-lintelligence-artificielle-transforme-le-secteur-financier-africain\"><img decoding=\"async\" width=\"150\" height=\"150\" src=\"https:\/\/rachelsumbu.com\/wp-content\/uploads\/2025\/12\/333-1-150x150.jpeg\" class=\"attachment-thumbnail size-thumbnail wp-post-image\" alt=\"\" \/><\/a>\n                            <\/div>\n                                                <div class=\"post-content\">\n                            <h6 class=\"title\"><a href=\"https:\/\/rachelsumbu.com\/en\/ia-et-finance-en-afrique-comment-lintelligence-artificielle-transforme-le-secteur-financier-africain\">IA et finance en Afrique : comment <\/a><\/h6>\n                                                            <div class=\"post-meta\">\n                                    <ul class=\"post-meta-list\">\n                                                                                    <li>December 19, 2025<\/li>\n                                                                                                                                <li>1 min read<\/li>\n                                                                                                                        <\/ul>\n                                <\/div>\n                                                    <\/div>\n                    <\/div>\n                                    <div class=\"content-block post-medium mb--20\">\n                                                    <div class=\"post-thumbnail\">\n                                <a href=\"https:\/\/rachelsumbu.com\/en\/cafe-sante-ndona-charity-sante-diplomatie-et-solidarite-a-lambassade-dangola\"><img decoding=\"async\" width=\"150\" height=\"150\" src=\"https:\/\/rachelsumbu.com\/wp-content\/uploads\/2025\/10\/1761678787902-1-150x150.jpeg\" class=\"attachment-thumbnail size-thumbnail wp-post-image\" alt=\"\" \/><\/a>\n                            <\/div>\n                                                <div class=\"post-content\">\n                            <h6 class=\"title\"><a href=\"https:\/\/rachelsumbu.com\/en\/cafe-sante-ndona-charity-sante-diplomatie-et-solidarite-a-lambassade-dangola\">Caf\u00e9 Sant\u00e9 Ndona Charity \u2013 Sant\u00e9, diplomatie <\/a><\/h6>\n                                                            <div class=\"post-meta\">\n                                    <ul class=\"post-meta-list\">\n                                                                                    <li>November 14, 2025<\/li>\n                                                                                                                                <li>3 min read<\/li>\n                                                                                                                        <\/ul>\n                                <\/div>\n                                                    <\/div>\n                    <\/div>\n                            <\/div>            \n            <div class=\"media_gallery-2 widget-sidebar widget widget_media_gallery widgets-sidebar\"><div class=\"widget-title\"><h3>Image gallery<\/h3><\/div><div id='gallery-1' class='gallery galleryid-4018 gallery-columns-3 gallery-size-thumbnail'><figure class='gallery-item'>\n\t\t\t<div class='gallery-icon landscape'>\n\t\t\t\t<img loading=\"lazy\" decoding=\"async\" width=\"150\" height=\"150\" src=\"https:\/\/rachelsumbu.com\/wp-content\/uploads\/2023\/12\/rs-150x150.jpg\" class=\"attachment-thumbnail size-thumbnail\" alt=\"\" srcset=\"https:\/\/rachelsumbu.com\/wp-content\/uploads\/2023\/12\/rs-150x150.jpg 150w, https:\/\/rachelsumbu.com\/wp-content\/uploads\/2023\/12\/rs-300x300.jpg 300w, https:\/\/rachelsumbu.com\/wp-content\/uploads\/2023\/12\/rs-100x100.jpg 100w\" sizes=\"(max-width: 150px) 100vw, 150px\" \/>\n\t\t\t<\/div><\/figure><figure class='gallery-item'>\n\t\t\t<div class='gallery-icon landscape'>\n\t\t\t\t<img loading=\"lazy\" decoding=\"async\" width=\"150\" height=\"150\" src=\"https:\/\/rachelsumbu.com\/wp-content\/uploads\/2023\/11\/5-1-150x150.jpg\" class=\"attachment-thumbnail size-thumbnail\" alt=\"\" aria-describedby=\"gallery-1-1188\" srcset=\"https:\/\/rachelsumbu.com\/wp-content\/uploads\/2023\/11\/5-1-150x150.jpg 150w, https:\/\/rachelsumbu.com\/wp-content\/uploads\/2023\/11\/5-1-300x300.jpg 300w, https:\/\/rachelsumbu.com\/wp-content\/uploads\/2023\/11\/5-1-100x100.jpg 100w\" sizes=\"(max-width: 150px) 100vw, 150px\" \/>\n\t\t\t<\/div>\n\t\t\t\t<figcaption class='wp-caption-text gallery-caption' id='gallery-1-1188'>\n\t\t\t\tL\u00e9gende 1\n\t\t\t\t<\/figcaption><\/figure><figure class='gallery-item'>\n\t\t\t<div class='gallery-icon landscape'>\n\t\t\t\t<img loading=\"lazy\" decoding=\"async\" width=\"150\" height=\"150\" src=\"https:\/\/rachelsumbu.com\/wp-content\/uploads\/2023\/11\/8-150x150.jpg\" class=\"attachment-thumbnail size-thumbnail\" alt=\"\" srcset=\"https:\/\/rachelsumbu.com\/wp-content\/uploads\/2023\/11\/8-150x150.jpg 150w, https:\/\/rachelsumbu.com\/wp-content\/uploads\/2023\/11\/8-300x300.jpg 300w, https:\/\/rachelsumbu.com\/wp-content\/uploads\/2023\/11\/8-100x100.jpg 100w\" sizes=\"(max-width: 150px) 100vw, 150px\" \/>\n\t\t\t<\/div><\/figure><figure class='gallery-item'>\n\t\t\t<div class='gallery-icon landscape'>\n\t\t\t\t<img loading=\"lazy\" decoding=\"async\" width=\"150\" height=\"150\" src=\"https:\/\/rachelsumbu.com\/wp-content\/uploads\/2023\/11\/3-150x150.jpg\" class=\"attachment-thumbnail size-thumbnail\" alt=\"\" srcset=\"https:\/\/rachelsumbu.com\/wp-content\/uploads\/2023\/11\/3-150x150.jpg 150w, https:\/\/rachelsumbu.com\/wp-content\/uploads\/2023\/11\/3-300x300.jpg 300w, https:\/\/rachelsumbu.com\/wp-content\/uploads\/2023\/11\/3-100x100.jpg 100w\" sizes=\"(max-width: 150px) 100vw, 150px\" \/>\n\t\t\t<\/div><\/figure><figure class='gallery-item'>\n\t\t\t<div class='gallery-icon landscape'>\n\t\t\t\t<img loading=\"lazy\" decoding=\"async\" width=\"150\" height=\"150\" src=\"https:\/\/rachelsumbu.com\/wp-content\/uploads\/2023\/11\/4-1-150x150.jpg\" class=\"attachment-thumbnail size-thumbnail\" alt=\"\" aria-describedby=\"gallery-1-1190\" srcset=\"https:\/\/rachelsumbu.com\/wp-content\/uploads\/2023\/11\/4-1-150x150.jpg 150w, https:\/\/rachelsumbu.com\/wp-content\/uploads\/2023\/11\/4-1-300x300.jpg 300w, https:\/\/rachelsumbu.com\/wp-content\/uploads\/2023\/11\/4-1-100x100.jpg 100w\" sizes=\"(max-width: 150px) 100vw, 150px\" \/>\n\t\t\t<\/div>\n\t\t\t\t<figcaption class='wp-caption-text gallery-caption' id='gallery-1-1190'>\n\t\t\t\tBusiness Africa 2022, <br>Paris, France\n\t\t\t\t<\/figcaption><\/figure><figure class='gallery-item'>\n\t\t\t<div class='gallery-icon landscape'>\n\t\t\t\t<img loading=\"lazy\" decoding=\"async\" width=\"150\" height=\"150\" src=\"https:\/\/rachelsumbu.com\/wp-content\/uploads\/2023\/11\/11-150x150.jpg\" class=\"attachment-thumbnail size-thumbnail\" alt=\"\" srcset=\"https:\/\/rachelsumbu.com\/wp-content\/uploads\/2023\/11\/11-150x150.jpg 150w, https:\/\/rachelsumbu.com\/wp-content\/uploads\/2023\/11\/11-300x300.jpg 300w, https:\/\/rachelsumbu.com\/wp-content\/uploads\/2023\/11\/11-100x100.jpg 100w\" sizes=\"(max-width: 150px) 100vw, 150px\" \/>\n\t\t\t<\/div><\/figure>\n\t\t<\/div>\n<\/div><div class=\"blobar_social_widget-2 widget-sidebar widget blobar_social_widget widgets-sidebar\"><div class=\"widget-title\"><h3>Keep in touch<\/h3><\/div>            <ul class=\"social-icon md-size justify-content-center\">\n                                                                    <li>\n                        <a href=\"https:\/\/www.instagram.com\/rachel.sumbu\/\">\n                            <i class=\"fab fa-instagram\"><\/i>\n                        <\/a>\n                    <\/li>\n                                                                    <li>\n                        <a href=\"https:\/\/www.linkedin.com\/in\/rachel-sumbu\">\n                            <i class=\"fab fa-linkedin-in\"><\/i>\n                        <\/a>\n                    <\/li>\n                                            <\/ul>\n        <\/div>\t\t\t\t<\/div>\n\t\t\t\t<\/div>\n\t\t\t\t\t<\/div>\n\t\t<\/div>\n\t\t\t\t\t<\/div>\n\t\t<\/section>\n\t\t\t\t<\/div>","protected":false},"excerpt":{"rendered":"<p>hello@above-agency.fr Rachel Sumbu @rachel.sumbu M&#8217;\u00e9crire Tous les champs sont obligatoires. Votre nom T\u00e9l\u00e9phone Votre adresse email Votre message<\/p>","protected":false},"author":1,"featured_media":1188,"parent":0,"menu_order":0,"comment_status":"closed","ping_status":"closed","template":"elementor_header_footer","meta":{"_acf_changed":false,"_monsterinsights_skip_tracking":false,"_monsterinsights_sitenote_active":false,"_monsterinsights_sitenote_note":"","_monsterinsights_sitenote_category":0,"footnotes":""},"class_list":["post-383","page","type-page","status-publish","has-post-thumbnail","hentry"],"acf":[],"aioseo_notices":[],"_links":{"self":[{"href":"https:\/\/rachelsumbu.com\/en\/wp-json\/wp\/v2\/pages\/383","targetHints":{"allow":["GET"]}}],"collection":[{"href":"https:\/\/rachelsumbu.com\/en\/wp-json\/wp\/v2\/pages"}],"about":[{"href":"https:\/\/rachelsumbu.com\/en\/wp-json\/wp\/v2\/types\/page"}],"author":[{"embeddable":true,"href":"https:\/\/rachelsumbu.com\/en\/wp-json\/wp\/v2\/users\/1"}],"replies":[{"embeddable":true,"href":"https:\/\/rachelsumbu.com\/en\/wp-json\/wp\/v2\/comments?post=383"}],"version-history":[{"count":45,"href":"https:\/\/rachelsumbu.com\/en\/wp-json\/wp\/v2\/pages\/383\/revisions"}],"predecessor-version":[{"id":2689,"href":"https:\/\/rachelsumbu.com\/en\/wp-json\/wp\/v2\/pages\/383\/revisions\/2689"}],"wp:featuredmedia":[{"embeddable":true,"href":"https:\/\/rachelsumbu.com\/en\/wp-json\/wp\/v2\/media\/1188"}],"wp:attachment":[{"href":"https:\/\/rachelsumbu.com\/en\/wp-json\/wp\/v2\/media?parent=383"}],"curies":[{"name":"wp","href":"https:\/\/api.w.org\/{rel}","templated":true}]}}