{"id":1984,"date":"2023-12-23T18:21:24","date_gmt":"2023-12-23T18:21:24","guid":{"rendered":"https:\/\/rachelsumbu.com\/?page_id=1984"},"modified":"2025-12-07T13:31:44","modified_gmt":"2025-12-07T13:31:44","slug":"i-will-arise-asso","status":"publish","type":"page","link":"https:\/\/rachelsumbu.com\/en\/i-will-arise-asso","title":{"rendered":"I Will Arise (ASSO)"},"content":{"rendered":"<div data-elementor-type=\"wp-page\" data-elementor-id=\"1984\" class=\"elementor elementor-1984\" data-elementor-post-type=\"page\">\n\t\t\t\t\t\t<section data-particle_enable=\"false\" data-particle-mobile-disabled=\"false\" class=\"elementor-section elementor-top-section elementor-element elementor-element-e74c577 bg-color-white elementor-section-full_width elementor-section-height-default elementor-section-height-default\" data-id=\"e74c577\" data-element_type=\"section\" data-e-type=\"section\" data-settings=\"{&quot;background_background&quot;:&quot;classic&quot;,&quot;background_image&quot;:{&quot;url&quot;:&quot;&quot;,&quot;id&quot;:&quot;&quot;,&quot;size&quot;:&quot;&quot;,&quot;alt&quot;:&quot;&quot;,&quot;source&quot;:&quot;library&quot;},&quot;background_image_tablet&quot;:{&quot;url&quot;:&quot;&quot;,&quot;id&quot;:&quot;&quot;,&quot;size&quot;:&quot;&quot;},&quot;background_image_mobile&quot;:{&quot;url&quot;:&quot;&quot;,&quot;id&quot;:&quot;&quot;,&quot;size&quot;:&quot;&quot;}}\">\n\t\t\t\t\t\t<div class=\"elementor-container elementor-column-gap-no\">\n\t\t\t\t\t<div class=\"elementor-column elementor-col-100 elementor-top-column elementor-element elementor-element-2de3740\" data-id=\"2de3740\" data-element_type=\"column\" data-e-type=\"column\">\n\t\t\t<div class=\"elementor-widget-wrap elementor-element-populated\">\n\t\t\t\t<div data-particle_enable=\"false\" data-particle-mobile-disabled=\"false\" class=\"elementor-element elementor-element-0aafaf7 e-flex e-con-boxed e-con e-parent\" data-id=\"0aafaf7\" data-element_type=\"container\" data-e-type=\"container\">\n\t\t\t\t\t<div class=\"e-con-inner\">\n\t\t\t\t<div class=\"elementor-element elementor-element-c51d98d elementor-widget elementor-widget-pp-breadcrumbs\" data-id=\"c51d98d\" data-element_type=\"widget\" data-e-type=\"widget\" data-settings=\"{&quot;breadcrumbs_type&quot;:&quot;powerpack&quot;}\" data-widget_type=\"pp-breadcrumbs.default\">\n\t\t\t\t<div class=\"elementor-widget-container\">\n\t\t\t\t\t<ul class=\"pp-breadcrumbs pp-breadcrumbs-powerpack\">\t\t<li class=\"pp-breadcrumbs-item pp-breadcrumbs-item-home\">\n\t\t\t<a class=\"pp-breadcrumbs-crumb pp-breadcrumbs-crumb-link pp-breadcrumbs-crumb-home\" href=\"https:\/\/rachelsumbu.com\/en\" title=\"Home\">\n\t\t\t\t<span class=\"pp-breadcrumbs-text\">\n\t\t\t\t\t\t\t\t\t\tHome\t\t\t\t<\/span>\n\t\t\t<\/a>\n\t\t<\/li>\n\t\t<li class=\"pp-breadcrumbs-separator\">\t\t\t\t<span class='pp-separator-icon pp-icon'>\n\t\t\t\t\t<svg aria-hidden=\"true\" class=\"e-font-icon-svg e-fas-angle-right\" viewbox=\"0 0 256 512\" xmlns=\"http:\/\/www.w3.org\/2000\/svg\"><path d=\"M224.3 273l-136 136c-9.4 9.4-24.6 9.4-33.9 0l-22.6-22.6c-9.4-9.4-9.4-24.6 0-33.9l96.4-96.4-96.4-96.4c-9.4-9.4-9.4-24.6 0-33.9L54.3 103c9.4-9.4 24.6-9.4 33.9 0l136 136c9.5 9.4 9.5 24.6.1 34z\"><\/path><\/svg>\t\t\t\t<\/span>\n\t\t\t\t<\/li><\/ul>\t\t\t\t<\/div>\n\t\t\t\t<\/div>\n\t\t\t\t<div class=\"elementor-element elementor-element-14c963b elementor-widget elementor-widget-image\" data-id=\"14c963b\" data-element_type=\"widget\" data-e-type=\"widget\" data-widget_type=\"image.default\">\n\t\t\t\t<div class=\"elementor-widget-container\">\n\t\t\t\t\t\t\t\t\t\t\t\t\t\t\t<img fetchpriority=\"high\" decoding=\"async\" width=\"640\" height=\"357\" src=\"https:\/\/rachelsumbu.com\/wp-content\/uploads\/2025\/07\/I-will-arise_-1024x571.jpeg\" class=\"attachment-large size-large wp-image-4003\" alt=\"\" srcset=\"https:\/\/rachelsumbu.com\/wp-content\/uploads\/2025\/07\/I-will-arise_-1024x571.jpeg 1024w, https:\/\/rachelsumbu.com\/wp-content\/uploads\/2025\/07\/I-will-arise_-300x167.jpeg 300w, https:\/\/rachelsumbu.com\/wp-content\/uploads\/2025\/07\/I-will-arise_-768x429.jpeg 768w, https:\/\/rachelsumbu.com\/wp-content\/uploads\/2025\/07\/I-will-arise_-18x10.jpeg 18w, https:\/\/rachelsumbu.com\/wp-content\/uploads\/2025\/07\/I-will-arise_.jpeg 1353w\" sizes=\"(max-width: 640px) 100vw, 640px\" \/>\t\t\t\t\t\t\t\t\t\t\t\t\t\t\t<\/div>\n\t\t\t\t<\/div>\n\t\t\t\t\t<\/div>\n\t\t\t\t<\/div>\n\t\t\t\t\t<\/div>\n\t\t<\/div>\n\t\t\t\t\t<\/div>\n\t\t<\/section>\n\t\t<div data-particle_enable=\"false\" data-particle-mobile-disabled=\"false\" class=\"elementor-element elementor-element-0fa291a elementor-hidden-desktop elementor-hidden-tablet elementor-hidden-mobile e-flex e-con-boxed e-con e-parent\" data-id=\"0fa291a\" data-element_type=\"container\" data-e-type=\"container\">\n\t\t\t\t\t<div class=\"e-con-inner\">\n\t\t\t\t<div class=\"elementor-element elementor-element-12096a0 elementor-widget elementor-widget-heading\" data-id=\"12096a0\" data-element_type=\"widget\" data-e-type=\"widget\" data-widget_type=\"heading.default\">\n\t\t\t\t<div class=\"elementor-widget-container\">\n\t\t\t\t\t<h1 class=\"elementor-heading-title elementor-size-default\">I Will Arise : Se relever, croire en soi, tracer sa voie<\/h1>\t\t\t\t<\/div>\n\t\t\t\t<\/div>\n\t\t\t\t\t<\/div>\n\t\t\t\t<\/div>\n\t\t\t\t<section data-particle_enable=\"false\" data-particle-mobile-disabled=\"false\" class=\"elementor-section elementor-top-section elementor-element elementor-element-022cfa9 axil-post-list-area axil-section-gap bg-color-white elementor-hidden-desktop elementor-hidden-tablet elementor-hidden-mobile elementor-section-boxed elementor-section-height-default elementor-section-height-default\" data-id=\"022cfa9\" data-element_type=\"section\" data-e-type=\"section\">\n\t\t\t\t\t\t<div class=\"elementor-container elementor-column-gap-extended\">\n\t\t\t\t\t<div class=\"elementor-column elementor-col-100 elementor-top-column elementor-element elementor-element-e58b9dc\" data-id=\"e58b9dc\" data-element_type=\"column\" data-e-type=\"column\">\n\t\t\t<div class=\"elementor-widget-wrap elementor-element-populated\">\n\t\t\t\t<div data-particle_enable=\"false\" data-particle-mobile-disabled=\"false\" class=\"elementor-element elementor-element-0c0f08d e-con-full e-flex e-con e-parent\" data-id=\"0c0f08d\" data-element_type=\"container\" data-e-type=\"container\" data-settings=\"{&quot;background_background&quot;:&quot;classic&quot;}\">\n\t\t<div data-particle_enable=\"false\" data-particle-mobile-disabled=\"false\" class=\"elementor-element elementor-element-8827dc7 e-con-full e-flex e-con e-child\" data-id=\"8827dc7\" data-element_type=\"container\" data-e-type=\"container\">\n\t\t\t\t<div class=\"elementor-element elementor-element-6280296 elementor-blockquote--skin-boxed elementor-blockquote--align-left elementor-widget__width-initial blocquote-rs elementor-widget elementor-widget-blockquote\" data-id=\"6280296\" data-element_type=\"widget\" data-e-type=\"widget\" data-widget_type=\"blockquote.default\">\n\t\t\t\t<div class=\"elementor-widget-container\">\n\t\t\t\t\t\t\t<blockquote class=\"elementor-blockquote\">\n\t\t\t<p class=\"elementor-blockquote__content\">\n\t\t\t\tPeu importe ma situation actuelle, demain je me l\u00e8verai et j\u2019irai de l\u2019avant.\t\t\t<\/p>\n\t\t\t\t\t<\/blockquote>\n\t\t\t\t\t\t<\/div>\n\t\t\t\t<\/div>\n\t\t\t\t<\/div>\n\t\t\t\t<\/div>\n\t\t\t\t\t<\/div>\n\t\t<\/div>\n\t\t\t\t\t<\/div>\n\t\t<\/section>\n\t\t<div data-particle_enable=\"false\" data-particle-mobile-disabled=\"false\" class=\"elementor-element elementor-element-56ee0b6 e-flex e-con-boxed e-con e-parent\" data-id=\"56ee0b6\" data-element_type=\"container\" data-e-type=\"container\" data-settings=\"{&quot;background_background&quot;:&quot;classic&quot;}\">\n\t\t\t\t\t<div class=\"e-con-inner\">\n\t\t<div data-particle_enable=\"false\" data-particle-mobile-disabled=\"false\" class=\"elementor-element elementor-element-363ddc2 e-flex e-con-boxed e-con e-child\" data-id=\"363ddc2\" data-element_type=\"container\" data-e-type=\"container\">\n\t\t\t\t\t<div class=\"e-con-inner\">\n\t\t\t\t<div class=\"elementor-element elementor-element-ff46f0e elementor-widget elementor-widget-heading\" data-id=\"ff46f0e\" data-element_type=\"widget\" data-e-type=\"widget\" data-widget_type=\"heading.default\">\n\t\t\t\t<div class=\"elementor-widget-container\">\n\t\t\t\t\t<h5 class=\"elementor-heading-title elementor-size-default\">\u00c0 l\u2019origine<\/h5>\t\t\t\t<\/div>\n\t\t\t\t<\/div>\n\t\t\t\t<div class=\"elementor-element elementor-element-e45b6b3 elementor-widget elementor-widget-text-editor\" data-id=\"e45b6b3\" data-element_type=\"widget\" data-e-type=\"widget\" data-widget_type=\"text-editor.default\">\n\t\t\t\t<div class=\"elementor-widget-container\">\n\t\t\t\t\t\t\t\t\t<p><b>I Will Arise<\/b>\u00a0est une\u00a0<b>association internationale<\/b>\u00a0agissant entre\u00a0<b>l\u2019Europe et l\u2019Afrique<\/b>, d\u00e9di\u00e9e \u00e0 l\u2019autonomisation des jeunes, au d\u00e9veloppement du leadership f\u00e9minin et au renforcement des liens de coop\u00e9ration entre les deux continents.<\/p><p>Elle est n\u00e9e d\u2019un \u00e9tat d\u2019esprit, d\u2019une conviction profonde :<\/p><p><i>Peu importe ma condition actuelle, demain je me l\u00e8verai et j\u2019irai de l\u2019avant.<\/i><\/p><p>Fond\u00e9e en 2022 par\u00a0<b>Rachel Sumbu<\/b>, journaliste franco-congolaise\u00a0engag\u00e9e, mod\u00e9ratrice et consultante en relations publiques,\u00a0l\u2019association s\u2019inspire de son parcours marqu\u00e9 par la r\u00e9silience, l\u2019engagement social et un fort int\u00e9r\u00eat pour la coop\u00e9ration internationale. Rachel sait, par exp\u00e9rience, que croire en soi et \u00eatre accompagn\u00e9e peut changer une vie.<\/p>\t\t\t\t\t\t\t\t<\/div>\n\t\t\t\t<\/div>\n\t\t\t\t<div class=\"elementor-element elementor-element-18696fe elementor-widget elementor-widget-button\" data-id=\"18696fe\" data-element_type=\"widget\" data-e-type=\"widget\" data-widget_type=\"button.default\">\n\t\t\t\t<div class=\"elementor-widget-container\">\n\t\t\t\t\t\t\t\t\t<div class=\"elementor-button-wrapper\">\n\t\t\t\t\t<a class=\"elementor-button elementor-button-link elementor-size-sm\" href=\"https:\/\/iwa-org.com\/\" target=\"_blank\">\n\t\t\t\t\t\t<span class=\"elementor-button-content-wrapper\">\n\t\t\t\t\t\t\t\t\t<span class=\"elementor-button-text\">Read more<\/span>\n\t\t\t\t\t<\/span>\n\t\t\t\t\t<\/a>\n\t\t\t\t<\/div>\n\t\t\t\t\t\t\t\t<\/div>\n\t\t\t\t<\/div>\n\t\t\t\t\t<\/div>\n\t\t\t\t<\/div>\n\t\t\t\t\t<\/div>\n\t\t\t\t<\/div>\n\t\t\t\t<\/div>","protected":false},"excerpt":{"rendered":"<p>Accueil I Will Arise : Se relever, croire en soi, tracer sa voie Peu importe ma situation actuelle, demain je me l\u00e8verai et j\u2019irai de l\u2019avant. \u00c0 l\u2019origine I Will Arise\u00a0est une\u00a0association internationale\u00a0agissant entre\u00a0l\u2019Europe et l\u2019Afrique, d\u00e9di\u00e9e \u00e0 l\u2019autonomisation des jeunes, au d\u00e9veloppement du leadership f\u00e9minin et au renforcement des liens de coop\u00e9ration entre les [&hellip;]<\/p>\n","protected":false},"author":1,"featured_media":1135,"parent":0,"menu_order":0,"comment_status":"closed","ping_status":"closed","template":"elementor_header_footer","meta":{"_acf_changed":false,"_monsterinsights_skip_tracking":false,"_monsterinsights_sitenote_active":false,"_monsterinsights_sitenote_note":"","_monsterinsights_sitenote_category":0,"footnotes":""},"class_list":["post-1984","page","type-page","status-publish","has-post-thumbnail","hentry"],"acf":[],"aioseo_notices":[],"_links":{"self":[{"href":"https:\/\/rachelsumbu.com\/en\/wp-json\/wp\/v2\/pages\/1984","targetHints":{"allow":["GET"]}}],"collection":[{"href":"https:\/\/rachelsumbu.com\/en\/wp-json\/wp\/v2\/pages"}],"about":[{"href":"https:\/\/rachelsumbu.com\/en\/wp-json\/wp\/v2\/types\/page"}],"author":[{"embeddable":true,"href":"https:\/\/rachelsumbu.com\/en\/wp-json\/wp\/v2\/users\/1"}],"replies":[{"embeddable":true,"href":"https:\/\/rachelsumbu.com\/en\/wp-json\/wp\/v2\/comments?post=1984"}],"version-history":[{"count":127,"href":"https:\/\/rachelsumbu.com\/en\/wp-json\/wp\/v2\/pages\/1984\/revisions"}],"predecessor-version":[{"id":4135,"href":"https:\/\/rachelsumbu.com\/en\/wp-json\/wp\/v2\/pages\/1984\/revisions\/4135"}],"wp:featuredmedia":[{"embeddable":true,"href":"https:\/\/rachelsumbu.com\/en\/wp-json\/wp\/v2\/media\/1135"}],"wp:attachment":[{"href":"https:\/\/rachelsumbu.com\/en\/wp-json\/wp\/v2\/media?parent=1984"}],"curies":[{"name":"wp","href":"https:\/\/api.w.org\/{rel}","templated":true}]}}